{"id":5595,"date":"2021-03-30T14:17:55","date_gmt":"2021-03-30T14:17:55","guid":{"rendered":"https:\/\/truttmannag.ch\/privacy-policy\/"},"modified":"2023-11-27T09:33:26","modified_gmt":"2023-11-27T09:33:26","slug":"privacy-policy","status":"publish","type":"page","link":"https:\/\/truttmannag.ch\/fr\/privacy-policy\/","title":{"rendered":"CONFIDENTIALIT\u00c9"},"content":{"rendered":"\n<h2 class=\"wp-block-heading\" id=\"who-we-are\"><strong>QUI NOUS SOMMES<\/strong><\/h2>\n\n\n\n<p>Suggestion de texte: L\u2019adresse de notre site Internet est: <a href=\"https:\/\/truttmannag.ch\">https:\/\/truttmannag.ch<\/a>.<\/p>\n\n\n\n<h2 class=\"wp-block-heading\" id=\"comments\"><strong>COMMENTAIRES<\/strong><\/h2>\n\n\n\n<p>Lorsque des visiteurs laissent des commentaires sur le site, nous collectons les donn\u00e9es figurant dans le formulaire des commentaires, et donc l\u2019adresse IP du visiteur et la cha\u00eene de l\u2019agent utilisateur (navigateur) pour aider \u00e0 d\u00e9tecter des spams.Une cha\u00eene anonymis\u00e9e cr\u00e9\u00e9e \u00e0 partir de votre adresse e-mail (appel\u00e9e aussi \u00abhash\u00bb) peut \u00eatre fournie au service Gravatar pour voir si vous l\u2019utilisez. La politique de confidentialit\u00e9 du service Gravatar est disponible ici: <a href=\"https:\/\/automattic.com\/privacy\/\" target=\"_blank\" rel=\"noopener\">https:\/\/automattic.com\/privacy\/<\/a>. Une fois votre commentaire approuv\u00e9, votre photo de profil est visible du public dans le cadre de votre commentaire.<\/p>\n\n\n\n<h2 class=\"wp-block-heading\" id=\"media\"><strong>M\u00c9DIAS<\/strong><\/h2>\n\n\n\n<p><strong class=\"privacy-policy-tutorial\">Suggestion de texte: <\/strong>Si vous chargez des images sur le site Internet, vous devez \u00e9viter le chargement d\u2019images incluant des donn\u00e9es de localisation int\u00e9gr\u00e9es (EXIF, GPS). Les visiteurs du site Internet peuvent t\u00e9l\u00e9charger et extraire toutes donn\u00e9es de localisation des images apparaissant sur le site.<\/p>\n\n\n\n<h2 class=\"wp-block-heading\" id=\"cookies\"><strong>COOKIES<\/strong><\/h2>\n\n\n\n<p><strong>Suggestion de texte:<\/strong> Si vous laissez un commentaire sur notre site, vous pouvez accepter de sauvegarder dans des cookies votre nom, votre adresse e-mail et le site Internet. Ceux-ci sont fournis \u00e0 des fins de commodit\u00e9, de mani\u00e8re \u00e0 vous \u00e9viter de renseigner \u00e0 nouveau vos informations au moment o\u00f9 vous laisserez un autre commentaire. Ces cookies auront une dur\u00e9e d\u2019un an.<\/p>\n\n\n\n<p>Si vous vous rendez sur notre page d\u2019ouverture de session, nous cr\u00e9erons un cookie temporaire pour d\u00e9terminer si votre navigateur accepte les cookies. Ce cookie ne contient aucune donn\u00e9e \u00e0 caract\u00e8re personnel et est \u00e9cart\u00e9 \u00e0 la fermeture de votre navigateur.<\/p>\n\n\n\n<p>Lorsque vous vous connecterez, nous configurerons aussi plusieurs cookies destin\u00e9s \u00e0 sauvegarder vos donn\u00e9es de connexion et vos choix d\u2019affichage d\u2019\u00e9cran. Les t\u00e9moins de connexion (cookies) durent deux jours, et les cookies de choix d\u2019\u00e9cran une ann\u00e9e. Si vous s\u00e9lectionnez \u00abSe souvenir de moi\u00bb, votre connexion subsistera deux semaines. Si vous vous d\u00e9connectez de votre compte, les t\u00e9moins de connexion seront retir\u00e9s.<\/p>\n\n\n\n<p>Si vous modifiez ou publiez un article, un cookie suppl\u00e9mentaire sera sauvegard\u00e9 dans votre navigateur. Ce cookie ne contient pas de donn\u00e9es \u00e0 caract\u00e8re personnel et indique simplement l\u2019ID de l\u2019article que vous venez de modifier. Il expire au bout d\u2019une journ\u00e9e.<\/p>\n\n\n\n<h2 class=\"wp-block-heading\" id=\"embedded-content-from-other-websites\"><strong>CONTENUS INT\u00c9GR\u00c9S PROVENANT D\u2019AUTRES SITES WEB<\/strong><\/h2>\n\n\n\n<p><strong>Suggestion de texte:<\/strong> Des articles apparaissant sur ce site peuvent comprendre des contenus int\u00e9gr\u00e9s (p. ex. vid\u00e9os, images, articles, etc.). Les contenus int\u00e9gr\u00e9s provenant d\u2019autres sites web se comportent exactement de la m\u00eame fa\u00e7on que si le visiteur avait visit\u00e9 l\u2019autre site.<\/p>\n\n\n\n<p>Ces sites web peuvent recueillir des donn\u00e9es vous concernant, utiliser des cookies, int\u00e9grer un suivi de tiers additionnel et surveiller vos interactions avec ces contenus int\u00e9gr\u00e9s, y compris le suivi de vos interactions avec les contenus int\u00e9gr\u00e9s si vous poss\u00e9dez un compte et \u00eates connect\u00e9 \u00e0 ce site web.<\/p>\n\n\n\n<h2 class=\"wp-block-heading\" id=\"who-we-share-your-data-with\"><strong>AVEC QUI PARTAGEONS-NOUS VOS DONN\u00c9ES<\/strong><\/h2>\n\n\n\n<p><strong>Suggestion de texte:<\/strong> Si vous sollicitez la r\u00e9initialisation d\u2019un mot de passe, votre adresse IP sera int\u00e9gr\u00e9e \u00e0 l\u2019e-mail de r\u00e9initialisation.<\/p>\n\n\n\n<h2 class=\"wp-block-heading\" id=\"how-long-we-retain-your-data\"><strong>COMBIEN DE TEMPS CONSERVONS-NOUS VOS DONN\u00c9ES<\/strong><\/h2>\n\n\n\n<p><strong>Suggestion de texte:<\/strong> Lorsque vous laissez un commentaire, ce commentaire et ses m\u00e9tadonn\u00e9es sont conserv\u00e9s ind\u00e9finiment. C\u2019est ainsi que nous pouvons reconna\u00eetre et approuver automatiquement tous commentaires de suivi plut\u00f4t que de les retenir dans une file d\u2019attente pour mod\u00e9ration.<\/p>\n\n\n\n<p>Concernant les internautes qui s\u2019enregistrent sur notre site Internet (le cas \u00e9ch\u00e9ant), nous stockons \u00e9galement les informations personnelles qu\u2019ils fournissent dans leur profil d\u2019utilisateur. Tous les utilisateurs ont la possibilit\u00e9 de modifier ou de supprimer \u00e0 tout moment leurs informations personnelles (exception faite de la modification de leur nom d\u2019utilisateur). Les administrateurs du site Internet peuvent aussi visualiser et modifier ces informations.<\/p>\n\n\n\n<h2 class=\"wp-block-heading\" id=\"what-rights-you-have-over-your-data\"><strong>QUELS SONT VOS DROITS \u00c0 L\u2019\u00c9GARD DE VOS DONN\u00c9ES<\/strong><\/h2>\n\n\n\n<p><strong>Suggestion de texte:<\/strong> Si vous disposez d\u2019un compte sur ce site ou si vous y avez laiss\u00e9 des commentaires, vous pouvez demander \u00e0 recevoir un fichier export\u00e9 des donn\u00e9es \u00e0 caract\u00e8re personnel que nous d\u00e9tenons \u00e0 votre sujet, y compris toutes les donn\u00e9es que vous nous avez fournies. Vous pouvez \u00e9galement demander que nous effacions toutes donn\u00e9es \u00e0 caract\u00e8re personnel que nous d\u00e9tenons \u00e0 votre sujet. Cela n\u2019inclut pas les donn\u00e9es que nous avons l\u2019obligation de conserver \u00e0 des fins administratives, juridiques ou de s\u00e9curit\u00e9.<\/p>\n\n\n\n<h2 class=\"wp-block-heading\" id=\"where-we-send-your-data\"><strong>O\u00d9 ENVOYONS-NOUS VOS DONN\u00c9ES<\/strong><\/h2>\n\n\n\n<p><strong>Suggestion de texte:<\/strong> Les commentaires des internautes peuvent \u00eatre examin\u00e9s par un service de d\u00e9tection automatique de spams.<\/p>\n","protected":false},"excerpt":{"rendered":"<p>QUI NOUS SOMMES Suggestion de texte: L\u2019adresse de notre site Internet est: https:\/\/truttmannag.ch. COMMENTAIRES Lorsque des visiteurs laissent des commentaires sur le site, nous collectons les donn\u00e9es figurant dans le formulaire des commentaires, et donc l\u2019adresse IP du visiteur et la cha\u00eene de l\u2019agent utilisateur (navigateur) pour aider \u00e0 d\u00e9tecter des spams.Une cha\u00eene anonymis\u00e9e cr\u00e9\u00e9e [&hellip;]<\/p>\n","protected":false},"author":1,"featured_media":0,"parent":0,"menu_order":0,"comment_status":"closed","ping_status":"open","template":"","meta":{"_acf_changed":false,"footnotes":""},"class_list":["post-5595","page","type-page","status-publish","hentry"],"acf":[],"_links":{"self":[{"href":"https:\/\/truttmannag.ch\/fr\/wp-json\/wp\/v2\/pages\/5595","targetHints":{"allow":["GET"]}}],"collection":[{"href":"https:\/\/truttmannag.ch\/fr\/wp-json\/wp\/v2\/pages"}],"about":[{"href":"https:\/\/truttmannag.ch\/fr\/wp-json\/wp\/v2\/types\/page"}],"author":[{"embeddable":true,"href":"https:\/\/truttmannag.ch\/fr\/wp-json\/wp\/v2\/users\/1"}],"replies":[{"embeddable":true,"href":"https:\/\/truttmannag.ch\/fr\/wp-json\/wp\/v2\/comments?post=5595"}],"version-history":[{"count":2,"href":"https:\/\/truttmannag.ch\/fr\/wp-json\/wp\/v2\/pages\/5595\/revisions"}],"predecessor-version":[{"id":5681,"href":"https:\/\/truttmannag.ch\/fr\/wp-json\/wp\/v2\/pages\/5595\/revisions\/5681"}],"wp:attachment":[{"href":"https:\/\/truttmannag.ch\/fr\/wp-json\/wp\/v2\/media?parent=5595"}],"curies":[{"name":"wp","href":"https:\/\/api.w.org\/{rel}","templated":true}]}}