{"id":5597,"date":"2021-04-09T07:02:50","date_gmt":"2021-04-09T07:02:50","guid":{"rendered":"https:\/\/truttmannag.ch\/impressum\/"},"modified":"2023-11-27T08:59:03","modified_gmt":"2023-11-27T08:59:03","slug":"impressum","status":"publish","type":"page","link":"https:\/\/truttmannag.ch\/fr\/impressum\/","title":{"rendered":"Impressum"},"content":{"rendered":"\t\t<div data-elementor-type=\"wp-page\" data-elementor-id=\"5597\" class=\"elementor elementor-5597 elementor-835\" data-elementor-settings=\"[]\">\n\t\t\t\t\t\t<div class=\"elementor-inner\">\n\t\t\t\t\t\t\t<div class=\"elementor-section-wrap\">\n\t\t\t\t\t\t\t<section class=\"elementor-section elementor-top-section elementor-element elementor-element-99e504d elementor-section-boxed elementor-section-height-default elementor-section-height-default\" data-id=\"99e504d\" data-element_type=\"section\" data-settings=\"{&quot;background_background&quot;:&quot;classic&quot;,&quot;background_motion_fx_motion_fx_scrolling&quot;:&quot;yes&quot;,&quot;background_motion_fx_translateY_effect&quot;:&quot;yes&quot;,&quot;background_motion_fx_translateY_direction&quot;:&quot;negative&quot;,&quot;background_motion_fx_translateY_affectedRange&quot;:{&quot;unit&quot;:&quot;%&quot;,&quot;size&quot;:&quot;&quot;,&quot;sizes&quot;:{&quot;start&quot;:54,&quot;end&quot;:75}},&quot;background_motion_fx_translateY_speed&quot;:{&quot;unit&quot;:&quot;px&quot;,&quot;size&quot;:4,&quot;sizes&quot;:[]},&quot;background_motion_fx_devices&quot;:[&quot;desktop&quot;,&quot;tablet&quot;,&quot;mobile&quot;]}\">\n\t\t\t\t\t\t<div class=\"elementor-container elementor-column-gap-default\">\n\t\t\t\t\t\t\t<div class=\"elementor-row\">\n\t\t\t\t\t<div class=\"elementor-column elementor-col-100 elementor-top-column elementor-element elementor-element-ed47d82\" data-id=\"ed47d82\" data-element_type=\"column\">\n\t\t\t<div class=\"elementor-column-wrap elementor-element-populated\">\n\t\t\t\t\t\t\t<div class=\"elementor-widget-wrap\">\n\t\t\t\t\t\t<section class=\"elementor-section elementor-inner-section elementor-element elementor-element-b9ad459 elementor-section-height-min-height elementor-section-boxed elementor-section-height-default\" data-id=\"b9ad459\" data-element_type=\"section\" data-settings=\"{&quot;background_background&quot;:&quot;classic&quot;}\">\n\t\t\t\t\t\t<div class=\"elementor-container elementor-column-gap-default\">\n\t\t\t\t\t\t\t<div class=\"elementor-row\">\n\t\t\t\t\t<div class=\"elementor-column elementor-col-100 elementor-inner-column elementor-element elementor-element-b67779c animated-slow elementor-invisible\" data-id=\"b67779c\" data-element_type=\"column\" data-settings=\"{&quot;background_background&quot;:&quot;classic&quot;,&quot;animation&quot;:&quot;slideInDown&quot;,&quot;animation_delay&quot;:100}\">\n\t\t\t<div class=\"elementor-column-wrap elementor-element-populated\">\n\t\t\t\t\t\t\t<div class=\"elementor-widget-wrap\">\n\t\t\t\t\t\t<div class=\"elementor-element elementor-element-3a77de6 elementor-widget elementor-widget-html\" data-id=\"3a77de6\" data-element_type=\"widget\" data-widget_type=\"html.default\">\n\t\t\t\t<div class=\"elementor-widget-container\">\n\t\t\t<div class=\"line black\">\n    \n    \n<\/div>\t\t<\/div>\n\t\t\t\t<\/div>\n\t\t\t\t\t\t<\/div>\n\t\t\t\t\t<\/div>\n\t\t<\/div>\n\t\t\t\t\t\t\t\t<\/div>\n\t\t\t\t\t<\/div>\n\t\t<\/section>\n\t\t\t\t<div class=\"elementor-element elementor-element-46a3199 elementor-widget elementor-widget-heading\" data-id=\"46a3199\" data-element_type=\"widget\" data-widget_type=\"heading.default\">\n\t\t\t\t<div class=\"elementor-widget-container\">\n\t\t\t<h3 class=\"elementor-heading-title elementor-size-default\">IMPRESSUM<\/h3>\t\t<\/div>\n\t\t\t\t<\/div>\n\t\t\t\t<div class=\"elementor-element elementor-element-7ef9a60 elementor-widget elementor-widget-text-editor\" data-id=\"7ef9a60\" data-element_type=\"widget\" data-widget_type=\"text-editor.default\">\n\t\t\t\t<div class=\"elementor-widget-container\">\n\t\t\t\t\t\t\t\t<div class=\"elementor-text-editor elementor-clearfix\">\n\t\t\t\t\t<p><strong>Adresse de contact<\/strong><\/p><p><span style=\"font-weight: 400;\">Truttmann AG<\/span><\/p><p><span style=\"font-weight: 400;\">Bodenachermatte 2<\/span><\/p><p><span style=\"font-weight: 400;\">6260 Reiden<\/span><\/p><p><span style=\"font-weight: 400;\">Suisse<\/span><\/p><p><span style=\"font-weight: 400;\">E-mail:<\/span><\/p><p><span style=\"font-weight: 400;\">info@truttmannag.ch<\/span><\/p><p><br \/><br \/><\/p><p><strong>Repr\u00e9sentant(e) mandat\u00e9(e)<\/strong><\/p><p><span style=\"font-weight: 400;\">Ren\u00e9 Steinmann<\/span><br \/><br \/><\/p><p><strong>Enregistrement au registre du commerce<\/strong><\/p><p><span style=\"font-weight: 400;\">Raison sociale enregistr\u00e9e:<\/span><\/p><p><span style=\"font-weight: 400;\">Truttmann AG<\/span><\/p><p><span style=\"font-weight: 400;\">N\u00b0 d\u2019identification des entreprises (IDE):<\/span><\/p><p><strong>CHE-107.786.678<\/strong><br \/><br \/><\/p><p><span style=\"font-weight: 400;\">Num\u00e9ro de taxe sur la valeur ajout\u00e9e:<\/span><br \/><strong>CHE-107.786.678 MWST<\/strong><br \/><br \/><\/p><p><strong>Exclusion de responsabilit\u00e9<\/strong><\/p><p><span style=\"font-weight: 400;\">L&#8217;auteur ne se porte nullement garant de l&#8217;exactitude, de la pr\u00e9cision, du caract\u00e8re actuel, de la fiabilit\u00e9 ni de l\u2019exhaustivit\u00e9 du contenu des informations.<\/span><\/p><p><span style=\"font-weight: 400;\">Toute pr\u00e9tention en responsabilit\u00e9 envers l\u2019auteur au titre de dommages mat\u00e9riels ou immat\u00e9riels, cons\u00e9cutifs \u00e0 l\u2019acc\u00e8s ou \u00e0 l\u2019utilisation ou la non-utilisation des informations publi\u00e9es, \u00e0 un usage abusif de la connexion ou \u00e0 ces incidents techniques, est exclue.<\/span><\/p><p><span style=\"font-weight: 400;\">Toutes les offres sont sans engagement. L\u2019auteur se r\u00e9serve express\u00e9ment le droit de changer, de compl\u00e9ter, certaines parties du site ou l\u2019offre compl\u00e8te sans annonce pr\u00e9alable, voire d\u2019en suspendre la publication de fa\u00e7on temporaire ou d\u00e9finitive.<\/span><\/p><p>\u00a0<\/p><p><strong>Exclusion de responsabilit\u00e9 pour les liens<\/strong><\/p><p><span style=\"font-weight: 400;\">Les renvois et liens vers des sites web de tiers ne rel\u00e8vent pas de notre responsabilit\u00e9. Toute responsabilit\u00e9 pour ces sites web est rejet\u00e9e. L\u2019acc\u00e8s \u00e0 de tels sites et leur utilisation se font aux risques des utilisateurs.<\/span><br \/><br \/><\/p><p><strong>Droits d\u2019auteur<\/strong><\/p><p><span style=\"font-weight: 400;\">Les droits d&#8217;auteur et tout autre droit sur des contenus, illustrations, photos ou autres fichiers figurant sur ce site Internet sont la propri\u00e9t\u00e9 exclusive de la soci\u00e9t\u00e9 Truttmann AG ou des titulaires des droits sp\u00e9cialement cit\u00e9s. La reproduction de tout \u00e9l\u00e9ment est sujette \u00e0 l\u2019obtention pr\u00e9alable d&#8217;une autorisation \u00e9crite du d\u00e9tenteur des droits d&#8217;auteur.<\/span><br \/><br \/><\/p><p><span style=\"font-weight: 400;\">Source<\/span>: <a href=\"\u201chttps:\/\/www.swissanwalt.ch\u201d\" target=\"\u201c_blank\u201d\" rel=\"\u201cnoopener\u201d\">SwissAnwalt<\/a><br \/><br \/><\/p><p><strong>Design et r\u00e9alisation<\/strong><\/p><p>Mohr Marketing GmbH<br \/><a href=\"\u201chttps:\/\/www.mohr-marketing.com\u201d\" target=\"\u201c_blank\u201d\" rel=\"\u201cnoopener\u201d\">www.mohr-marketing.com<\/a><\/p>\t\t\t\t\t<\/div>\n\t\t\t\t\t\t<\/div>\n\t\t\t\t<\/div>\n\t\t\t\t\t\t<\/div>\n\t\t\t\t\t<\/div>\n\t\t<\/div>\n\t\t\t\t\t\t\t\t<\/div>\n\t\t\t\t\t<\/div>\n\t\t<\/section>\n\t\t\t\t\t\t<\/div>\n\t\t\t\t\t\t<\/div>\n\t\t\t\t\t<\/div>\n\t\t","protected":false},"excerpt":{"rendered":"<p>IMPRESSUM Adresse de contact Truttmann AG Bodenachermatte 2 6260 Reiden Suisse E-mail: info@truttmannag.ch Repr\u00e9sentant(e) mandat\u00e9(e) Ren\u00e9 Steinmann Enregistrement au registre du commerce Raison sociale enregistr\u00e9e: Truttmann AG N\u00b0 d\u2019identification des entreprises (IDE): CHE-107.786.678 Num\u00e9ro de taxe sur la valeur ajout\u00e9e:CHE-107.786.678 MWST Exclusion de responsabilit\u00e9 L&#8217;auteur ne se porte nullement garant de l&#8217;exactitude, de la pr\u00e9cision, [&hellip;]<\/p>\n","protected":false},"author":1,"featured_media":0,"parent":0,"menu_order":0,"comment_status":"closed","ping_status":"closed","template":"elementor_header_footer","meta":{"_acf_changed":false,"footnotes":""},"class_list":["post-5597","page","type-page","status-publish","hentry"],"acf":[],"_links":{"self":[{"href":"https:\/\/truttmannag.ch\/fr\/wp-json\/wp\/v2\/pages\/5597","targetHints":{"allow":["GET"]}}],"collection":[{"href":"https:\/\/truttmannag.ch\/fr\/wp-json\/wp\/v2\/pages"}],"about":[{"href":"https:\/\/truttmannag.ch\/fr\/wp-json\/wp\/v2\/types\/page"}],"author":[{"embeddable":true,"href":"https:\/\/truttmannag.ch\/fr\/wp-json\/wp\/v2\/users\/1"}],"replies":[{"embeddable":true,"href":"https:\/\/truttmannag.ch\/fr\/wp-json\/wp\/v2\/comments?post=5597"}],"version-history":[{"count":3,"href":"https:\/\/truttmannag.ch\/fr\/wp-json\/wp\/v2\/pages\/5597\/revisions"}],"predecessor-version":[{"id":5660,"href":"https:\/\/truttmannag.ch\/fr\/wp-json\/wp\/v2\/pages\/5597\/revisions\/5660"}],"wp:attachment":[{"href":"https:\/\/truttmannag.ch\/fr\/wp-json\/wp\/v2\/media?parent=5597"}],"curies":[{"name":"wp","href":"https:\/\/api.w.org\/{rel}","templated":true}]}}